{"id":615,"date":"2023-11-05T16:50:41","date_gmt":"2023-11-05T16:50:41","guid":{"rendered":"https:\/\/pozamapa.pl\/?page_id=615"},"modified":"2023-11-05T16:54:49","modified_gmt":"2023-11-05T16:54:49","slug":"blog","status":"publish","type":"page","link":"https:\/\/pozamapa.pl\/index.php\/blog\/","title":{"rendered":"Blog"},"content":{"rendered":"\t\t<div data-elementor-type=\"wp-page\" data-elementor-id=\"615\" class=\"elementor elementor-615\" data-elementor-post-type=\"page\">\n\t\t\t\t<div class=\"elementor-element elementor-element-adbdf14 e-flex e-con-boxed e-con e-parent\" data-id=\"adbdf14\" data-element_type=\"container\" data-settings=\"{&quot;content_width&quot;:&quot;boxed&quot;}\" data-core-v316-plus=\"true\">\n\t\t\t\t\t<div class=\"e-con-inner\">\n\t\t\t\t<div class=\"elementor-element elementor-element-0ad4607 elementor-grid-3 elementor-grid-tablet-2 elementor-grid-mobile-1 elementor-posts--thumbnail-top elementor-posts--show-avatar elementor-card-shadow-yes elementor-posts__hover-gradient de_scroll_animation_no elementor-widget elementor-widget-posts\" data-id=\"0ad4607\" data-element_type=\"widget\" data-settings=\"{&quot;cards_columns&quot;:&quot;3&quot;,&quot;cards_columns_tablet&quot;:&quot;2&quot;,&quot;cards_columns_mobile&quot;:&quot;1&quot;,&quot;cards_row_gap&quot;:{&quot;unit&quot;:&quot;px&quot;,&quot;size&quot;:35,&quot;sizes&quot;:[]},&quot;cards_row_gap_tablet&quot;:{&quot;unit&quot;:&quot;px&quot;,&quot;size&quot;:&quot;&quot;,&quot;sizes&quot;:[]},&quot;cards_row_gap_mobile&quot;:{&quot;unit&quot;:&quot;px&quot;,&quot;size&quot;:&quot;&quot;,&quot;sizes&quot;:[]}}\" data-widget_type=\"posts.cards\">\n\t\t\t\t<div class=\"elementor-widget-container\">\n\t\t\t<link rel=\"stylesheet\" href=\"https:\/\/pozamapa.pl\/wp-content\/plugins\/elementor-pro\/assets\/css\/widget-posts.min.css\">\t\t<div class=\"elementor-posts-container elementor-posts elementor-posts--skin-cards elementor-grid\">\n\t\t\t\t<article class=\"elementor-post elementor-grid-item post-699 post type-post status-publish format-standard has-post-thumbnail hentry category-blog category-opolskie category-opolszczyzna category-uncategorized tag-cmentarz tag-cmentarz-wojenny tag-historia tag-lambinowice tag-opolskie tag-opolszczyzna tag-przemijanie tag-slask tag-wojna tag-wojny-pruskie\">\n\t\t\t<div class=\"elementor-post__card\">\n\t\t\t\t<a class=\"elementor-post__thumbnail__link\" href=\"https:\/\/pozamapa.pl\/index.php\/2023\/11\/05\/cmentarz-jeniecki-w-lambinowicach\/\" tabindex=\"-1\" ><div class=\"elementor-post__thumbnail\"><img fetchpriority=\"high\" decoding=\"async\" width=\"300\" height=\"198\" src=\"https:\/\/pozamapa.pl\/wp-content\/uploads\/2023\/11\/DSC_7549_8_50_Localtone-300x198.jpg\" class=\"attachment-medium size-medium wp-image-709\" alt=\"\" srcset=\"https:\/\/pozamapa.pl\/wp-content\/uploads\/2023\/11\/DSC_7549_8_50_Localtone-300x198.jpg 300w, https:\/\/pozamapa.pl\/wp-content\/uploads\/2023\/11\/DSC_7549_8_50_Localtone-1024x676.jpg 1024w, https:\/\/pozamapa.pl\/wp-content\/uploads\/2023\/11\/DSC_7549_8_50_Localtone-768x507.jpg 768w, https:\/\/pozamapa.pl\/wp-content\/uploads\/2023\/11\/DSC_7549_8_50_Localtone-1536x1013.jpg 1536w, https:\/\/pozamapa.pl\/wp-content\/uploads\/2023\/11\/DSC_7549_8_50_Localtone.jpg 2048w\" sizes=\"(max-width: 300px) 100vw, 300px\" \/><\/div><\/a>\n\t\t\t\t<div class=\"elementor-post__badge\">Blog<\/div>\n\t\t\t\t<div class=\"elementor-post__avatar\">\n\t\t\t<img alt='fijas' src='https:\/\/secure.gravatar.com\/avatar\/e55e499e2249ec8e89627e80f1b31870964f14a766e43e0f9bf71c4cb1a43e63?s=128&#038;d=mm&#038;r=g' srcset='https:\/\/secure.gravatar.com\/avatar\/e55e499e2249ec8e89627e80f1b31870964f14a766e43e0f9bf71c4cb1a43e63?s=256&#038;d=mm&#038;r=g 2x' class='avatar avatar-128 photo' height='128' width='128' \/>\t\t<\/div>\n\t\t\t\t<div class=\"elementor-post__text\">\n\t\t\t\t<h3 class=\"elementor-post__title\">\n\t\t\t<a href=\"https:\/\/pozamapa.pl\/index.php\/2023\/11\/05\/cmentarz-jeniecki-w-lambinowicach\/\" >\n\t\t\t\tCmentarz jeniecki w \u0141ambinowicach\t\t\t<\/a>\n\t\t<\/h3>\n\t\t\t\t<div class=\"elementor-post__excerpt\">\n\t\t\t<p>Podczas naszych opolskich podr\u00f3\u017cy, nie mo\u017cna pomin\u0105\u0107 \u0141ambinowic \u2013 miejsca, kt\u00f3re sta\u0142o si\u0119 wiecznym domem dla tysi\u0119cy je\u0144c\u00f3w wojennych. Cmentarz w \u0141ambinowicach to nie tylko<\/p>\n\t\t<\/div>\n\t\t\n\t\t<a class=\"elementor-post__read-more\" href=\"https:\/\/pozamapa.pl\/index.php\/2023\/11\/05\/cmentarz-jeniecki-w-lambinowicach\/\" aria-label=\"Read more about Cmentarz jeniecki w \u0141ambinowicach\" tabindex=\"-1\" >\n\t\t\tCzytaj wi\u0119cej \u00bb\t\t<\/a>\n\n\t\t\t\t<\/div>\n\t\t\t\t<div class=\"elementor-post__meta-data\">\n\t\t\t\t\t<span class=\"elementor-post-date\">\n\t\t\t5 listopada, 2023\t\t<\/span>\n\t\t\t\t<span class=\"elementor-post-avatar\">\n\t\t\tJeden komentarz\t\t<\/span>\n\t\t\t\t<\/div>\n\t\t\t\t\t<\/div>\n\t\t<\/article>\n\t\t\t\t<article class=\"elementor-post elementor-grid-item post-672 post type-post status-publish format-standard has-post-thumbnail hentry category-blog tag-historia tag-krzyzacy tag-ksiazka tag-nienacki tag-pan-samochodzik tag-polska tag-przygoda tag-templariusze tag-zamek\">\n\t\t\t<div class=\"elementor-post__card\">\n\t\t\t\t<a class=\"elementor-post__thumbnail__link\" href=\"https:\/\/pozamapa.pl\/index.php\/2023\/11\/05\/radzyn-chelminski-pan-samochodzik-i-templariusze\/\" tabindex=\"-1\" ><div class=\"elementor-post__thumbnail\"><img decoding=\"async\" width=\"300\" height=\"199\" src=\"https:\/\/pozamapa.pl\/wp-content\/uploads\/2023\/11\/DSC_5923-300x199.jpg\" class=\"attachment-medium size-medium wp-image-674\" alt=\"\" srcset=\"https:\/\/pozamapa.pl\/wp-content\/uploads\/2023\/11\/DSC_5923-300x199.jpg 300w, https:\/\/pozamapa.pl\/wp-content\/uploads\/2023\/11\/DSC_5923-1024x679.jpg 1024w, https:\/\/pozamapa.pl\/wp-content\/uploads\/2023\/11\/DSC_5923-768x509.jpg 768w, https:\/\/pozamapa.pl\/wp-content\/uploads\/2023\/11\/DSC_5923-1536x1018.jpg 1536w, https:\/\/pozamapa.pl\/wp-content\/uploads\/2023\/11\/DSC_5923.jpg 2048w\" sizes=\"(max-width: 300px) 100vw, 300px\" \/><\/div><\/a>\n\t\t\t\t<div class=\"elementor-post__badge\">Blog<\/div>\n\t\t\t\t<div class=\"elementor-post__avatar\">\n\t\t\t<img alt='fijas' src='https:\/\/secure.gravatar.com\/avatar\/e55e499e2249ec8e89627e80f1b31870964f14a766e43e0f9bf71c4cb1a43e63?s=128&#038;d=mm&#038;r=g' srcset='https:\/\/secure.gravatar.com\/avatar\/e55e499e2249ec8e89627e80f1b31870964f14a766e43e0f9bf71c4cb1a43e63?s=256&#038;d=mm&#038;r=g 2x' class='avatar avatar-128 photo' height='128' width='128' \/>\t\t<\/div>\n\t\t\t\t<div class=\"elementor-post__text\">\n\t\t\t\t<h3 class=\"elementor-post__title\">\n\t\t\t<a href=\"https:\/\/pozamapa.pl\/index.php\/2023\/11\/05\/radzyn-chelminski-pan-samochodzik-i-templariusze\/\" >\n\t\t\t\tRadzy\u0144 Che\u0142mi\u0144ski &#8211; Pan Samochodzik i Templariusze\t\t\t<\/a>\n\t\t<\/h3>\n\t\t\t\t<div class=\"elementor-post__excerpt\">\n\t\t\t<p>W sercu Kociewia, na niewielkim wzg\u00f3rzu, wznosi si\u0119 zamek krzy\u017cacki w Radzyniu Che\u0142mi\u0144skim, kt\u00f3ry wywo\u0142uje dreszcz emocji nie tylko w\u015br\u00f3d fan\u00f3w przyg\u00f3d Pana Samochodzika. Jego<\/p>\n\t\t<\/div>\n\t\t\n\t\t<a class=\"elementor-post__read-more\" href=\"https:\/\/pozamapa.pl\/index.php\/2023\/11\/05\/radzyn-chelminski-pan-samochodzik-i-templariusze\/\" aria-label=\"Read more about Radzy\u0144 Che\u0142mi\u0144ski &#8211; Pan Samochodzik i Templariusze\" tabindex=\"-1\" >\n\t\t\tCzytaj wi\u0119cej \u00bb\t\t<\/a>\n\n\t\t\t\t<\/div>\n\t\t\t\t<div class=\"elementor-post__meta-data\">\n\t\t\t\t\t<span class=\"elementor-post-date\">\n\t\t\t5 listopada, 2023\t\t<\/span>\n\t\t\t\t<span class=\"elementor-post-avatar\">\n\t\t\tBrak komentarzy\t\t<\/span>\n\t\t\t\t<\/div>\n\t\t\t\t\t<\/div>\n\t\t<\/article>\n\t\t\t\t<article class=\"elementor-post elementor-grid-item post-386 post type-post status-publish format-standard has-post-thumbnail hentry category-blog category-gora-sw-anny category-opolskie category-opolszczyzna tag-benzyna-syntentyczna tag-druga-wojna-swiatowa tag-gora-sw-anny tag-kamieniolom tag-odertal tag-opolskie tag-opolszczyzna tag-schron tag-schrony tag-slask tag-tajemnice tag-wwii tag-zdzieszowice\">\n\t\t\t<div class=\"elementor-post__card\">\n\t\t\t\t<a class=\"elementor-post__thumbnail__link\" href=\"https:\/\/pozamapa.pl\/index.php\/2023\/10\/29\/tajemnicze-hamburgi-u-podnoza-gory-sw-anny\/\" tabindex=\"-1\" ><div class=\"elementor-post__thumbnail\"><img decoding=\"async\" width=\"300\" height=\"225\" src=\"https:\/\/pozamapa.pl\/wp-content\/uploads\/2023\/11\/IMG_0747-300x225.jpg\" class=\"attachment-medium size-medium wp-image-570\" alt=\"\" srcset=\"https:\/\/pozamapa.pl\/wp-content\/uploads\/2023\/11\/IMG_0747-300x225.jpg 300w, https:\/\/pozamapa.pl\/wp-content\/uploads\/2023\/11\/IMG_0747-1024x768.jpg 1024w, https:\/\/pozamapa.pl\/wp-content\/uploads\/2023\/11\/IMG_0747-768x576.jpg 768w, https:\/\/pozamapa.pl\/wp-content\/uploads\/2023\/11\/IMG_0747-1536x1152.jpg 1536w, https:\/\/pozamapa.pl\/wp-content\/uploads\/2023\/11\/IMG_0747.jpg 2048w\" sizes=\"(max-width: 300px) 100vw, 300px\" \/><\/div><\/a>\n\t\t\t\t<div class=\"elementor-post__badge\">Blog<\/div>\n\t\t\t\t<div class=\"elementor-post__avatar\">\n\t\t\t<img alt='fijas' src='https:\/\/secure.gravatar.com\/avatar\/e55e499e2249ec8e89627e80f1b31870964f14a766e43e0f9bf71c4cb1a43e63?s=128&#038;d=mm&#038;r=g' srcset='https:\/\/secure.gravatar.com\/avatar\/e55e499e2249ec8e89627e80f1b31870964f14a766e43e0f9bf71c4cb1a43e63?s=256&#038;d=mm&#038;r=g 2x' class='avatar avatar-128 photo' height='128' width='128' \/>\t\t<\/div>\n\t\t\t\t<div class=\"elementor-post__text\">\n\t\t\t\t<h3 class=\"elementor-post__title\">\n\t\t\t<a href=\"https:\/\/pozamapa.pl\/index.php\/2023\/10\/29\/tajemnicze-hamburgi-u-podnoza-gory-sw-anny\/\" >\n\t\t\t\tTajemnicze &#8222;Hamburgi&#8221; u podn\u00f3\u017ca G\u00f3ry \u015aw. Anny\t\t\t<\/a>\n\t\t<\/h3>\n\t\t\t\t<div class=\"elementor-post__excerpt\">\n\t\t\t<p>Tajemnicze &#8222;Hamburgi&#8221; u podn\u00f3\u017ca G\u00f3ry \u015aw. Anny Gdyby\u015b przechodzi\u0142 przez las przy drodze pomi\u0119dzy Zdzieszowicami a malownicz\u0105 G\u00f3r\u0105 \u015aw. Anny, natkn\u0105\u0142by\u015b si\u0119 na niewielkie wej\u015bcie<\/p>\n\t\t<\/div>\n\t\t\n\t\t<a class=\"elementor-post__read-more\" href=\"https:\/\/pozamapa.pl\/index.php\/2023\/10\/29\/tajemnicze-hamburgi-u-podnoza-gory-sw-anny\/\" aria-label=\"Read more about Tajemnicze &#8222;Hamburgi&#8221; u podn\u00f3\u017ca G\u00f3ry \u015aw. Anny\" tabindex=\"-1\" >\n\t\t\tCzytaj wi\u0119cej \u00bb\t\t<\/a>\n\n\t\t\t\t<\/div>\n\t\t\t\t<div class=\"elementor-post__meta-data\">\n\t\t\t\t\t<span class=\"elementor-post-date\">\n\t\t\t29 pa\u017adziernika, 2023\t\t<\/span>\n\t\t\t\t<span class=\"elementor-post-avatar\">\n\t\t\tBrak komentarzy\t\t<\/span>\n\t\t\t\t<\/div>\n\t\t\t\t\t<\/div>\n\t\t<\/article>\n\t\t\t\t<\/div>\n\t\t\n\t\t\t\t<\/div>\n\t\t\t\t<\/div>\n\t\t\t\t\t<\/div>\n\t\t\t\t<\/div>\n\t\t\t\t<\/div>\n\t\t","protected":false},"excerpt":{"rendered":"","protected":false},"author":1,"featured_media":0,"parent":0,"menu_order":0,"comment_status":"closed","ping_status":"closed","template":"","meta":{"footnotes":""},"class_list":["post-615","page","type-page","status-publish","hentry"],"_links":{"self":[{"href":"https:\/\/pozamapa.pl\/index.php\/wp-json\/wp\/v2\/pages\/615","targetHints":{"allow":["GET"]}}],"collection":[{"href":"https:\/\/pozamapa.pl\/index.php\/wp-json\/wp\/v2\/pages"}],"about":[{"href":"https:\/\/pozamapa.pl\/index.php\/wp-json\/wp\/v2\/types\/page"}],"author":[{"embeddable":true,"href":"https:\/\/pozamapa.pl\/index.php\/wp-json\/wp\/v2\/users\/1"}],"replies":[{"embeddable":true,"href":"https:\/\/pozamapa.pl\/index.php\/wp-json\/wp\/v2\/comments?post=615"}],"version-history":[{"count":7,"href":"https:\/\/pozamapa.pl\/index.php\/wp-json\/wp\/v2\/pages\/615\/revisions"}],"predecessor-version":[{"id":622,"href":"https:\/\/pozamapa.pl\/index.php\/wp-json\/wp\/v2\/pages\/615\/revisions\/622"}],"wp:attachment":[{"href":"https:\/\/pozamapa.pl\/index.php\/wp-json\/wp\/v2\/media?parent=615"}],"curies":[{"name":"wp","href":"https:\/\/api.w.org\/{rel}","templated":true}]}}