{"id":367,"date":"2023-10-29T19:30:47","date_gmt":"2023-10-29T19:30:47","guid":{"rendered":"https:\/\/pozamapa.pl\/?page_id=367"},"modified":"2023-11-05T18:04:49","modified_gmt":"2023-11-05T18:04:49","slug":"homepage","status":"publish","type":"page","link":"https:\/\/pozamapa.pl\/","title":{"rendered":"Polska poza map\u0105"},"content":{"rendered":"\t\t<div data-elementor-type=\"wp-page\" data-elementor-id=\"367\" class=\"elementor elementor-367\" data-elementor-post-type=\"page\">\n\t\t\t\t\t\t<section class=\"elementor-section elementor-top-section elementor-element elementor-element-194ce22 elementor-section-height-min-height elementor-section-boxed elementor-section-height-default elementor-section-items-middle elementor-invisible\" data-id=\"194ce22\" data-element_type=\"section\" data-settings=\"{&quot;background_background&quot;:&quot;slideshow&quot;,&quot;background_slideshow_gallery&quot;:[{&quot;id&quot;:15,&quot;url&quot;:&quot;http:\\\/\\\/pozamapa.pl\\\/wp-content\\\/uploads\\\/2023\\\/10\\\/326507812_569107548151125_3747715192804395541_n.jpg&quot;},{&quot;id&quot;:423,&quot;url&quot;:&quot;http:\\\/\\\/pozamapa.pl\\\/wp-content\\\/uploads\\\/2023\\\/10\\\/exploring-nature.jpg&quot;},{&quot;id&quot;:427,&quot;url&quot;:&quot;http:\\\/\\\/pozamapa.pl\\\/wp-content\\\/uploads\\\/2023\\\/10\\\/female-digger-with-flashlight-explores-the-tunnel-2-e1698612905204.jpg&quot;},{&quot;id&quot;:428,&quot;url&quot;:&quot;http:\\\/\\\/pozamapa.pl\\\/wp-content\\\/uploads\\\/2023\\\/10\\\/silhouetted-view-of-young-woman-exploring-beach-rock-formation-north-island-new-zealand-e1698612894706.jpg&quot;},{&quot;id&quot;:430,&quot;url&quot;:&quot;http:\\\/\\\/pozamapa.pl\\\/wp-content\\\/uploads\\\/2023\\\/10\\\/explorers-e1698612869675.jpg&quot;},{&quot;id&quot;:429,&quot;url&quot;:&quot;http:\\\/\\\/pozamapa.pl\\\/wp-content\\\/uploads\\\/2023\\\/10\\\/recreational-cave-exploring-e1698612882642.jpg&quot;},{&quot;id&quot;:580,&quot;url&quot;:&quot;http:\\\/\\\/pozamapa.pl\\\/wp-content\\\/uploads\\\/2023\\\/11\\\/IMG_0762.jpg&quot;},{&quot;id&quot;:709,&quot;url&quot;:&quot;http:\\\/\\\/pozamapa.pl\\\/wp-content\\\/uploads\\\/2023\\\/11\\\/DSC_7549_8_50_Localtone.jpg&quot;},{&quot;id&quot;:681,&quot;url&quot;:&quot;http:\\\/\\\/pozamapa.pl\\\/wp-content\\\/uploads\\\/2023\\\/11\\\/DSC_5953.jpg&quot;}],&quot;animation&quot;:&quot;fadeIn&quot;,&quot;background_slideshow_ken_burns&quot;:&quot;yes&quot;,&quot;background_motion_fx_devices&quot;:[&quot;desktop&quot;,&quot;tablet&quot;],&quot;background_slideshow_loop&quot;:&quot;yes&quot;,&quot;background_slideshow_slide_duration&quot;:5000,&quot;background_slideshow_slide_transition&quot;:&quot;fade&quot;,&quot;background_slideshow_transition_duration&quot;:500,&quot;background_slideshow_ken_burns_zoom_direction&quot;:&quot;in&quot;}\">\n\t\t\t\t\t\t\t<div class=\"elementor-background-overlay\"><\/div>\n\t\t\t\t\t\t\t<div class=\"elementor-container elementor-column-gap-no\">\n\t\t\t\t\t<div class=\"elementor-column elementor-col-100 elementor-top-column elementor-element elementor-element-279b902b\" data-id=\"279b902b\" data-element_type=\"column\">\n\t\t\t<div class=\"elementor-widget-wrap elementor-element-populated\">\n\t\t\t\t\t\t<div class=\"elementor-element elementor-element-aca799c animated-fast de_scroll_animation_no elementor-invisible elementor-widget elementor-widget-heading\" data-id=\"aca799c\" data-element_type=\"widget\" data-settings=\"{&quot;_animation&quot;:&quot;fadeIn&quot;,&quot;_animation_delay&quot;:0}\" data-widget_type=\"heading.default\">\n\t\t\t\t<div class=\"elementor-widget-container\">\n\t\t\t<style>\/*! elementor - v3.19.0 - 28-02-2024 *\/\n.elementor-heading-title{padding:0;margin:0;line-height:1}.elementor-widget-heading .elementor-heading-title[class*=elementor-size-]>a{color:inherit;font-size:inherit;line-height:inherit}.elementor-widget-heading .elementor-heading-title.elementor-size-small{font-size:15px}.elementor-widget-heading .elementor-heading-title.elementor-size-medium{font-size:19px}.elementor-widget-heading .elementor-heading-title.elementor-size-large{font-size:29px}.elementor-widget-heading .elementor-heading-title.elementor-size-xl{font-size:39px}.elementor-widget-heading .elementor-heading-title.elementor-size-xxl{font-size:59px}<\/style><h1 class=\"elementor-heading-title elementor-size-xxl\">Projekt Polska poza map\u0105<\/h1>\t\t<\/div>\n\t\t\t\t<\/div>\n\t\t\t\t<div class=\"elementor-element elementor-element-f5e4a63 animated-fast de_scroll_animation_no elementor-invisible elementor-widget elementor-widget-text-editor\" data-id=\"f5e4a63\" data-element_type=\"widget\" data-settings=\"{&quot;_animation&quot;:&quot;fadeIn&quot;,&quot;_animation_delay&quot;:100}\" data-widget_type=\"text-editor.default\">\n\t\t\t\t<div class=\"elementor-widget-container\">\n\t\t\t<style>\/*! elementor - v3.19.0 - 28-02-2024 *\/\n.elementor-widget-text-editor.elementor-drop-cap-view-stacked .elementor-drop-cap{background-color:#69727d;color:#fff}.elementor-widget-text-editor.elementor-drop-cap-view-framed .elementor-drop-cap{color:#69727d;border:3px solid;background-color:transparent}.elementor-widget-text-editor:not(.elementor-drop-cap-view-default) .elementor-drop-cap{margin-top:8px}.elementor-widget-text-editor:not(.elementor-drop-cap-view-default) .elementor-drop-cap-letter{width:1em;height:1em}.elementor-widget-text-editor .elementor-drop-cap{float:left;text-align:center;line-height:1;font-size:50px}.elementor-widget-text-editor .elementor-drop-cap-letter{display:inline-block}<\/style>\t\t\t\t<h4><span style=\"color: #ffffff;\"><strong>&#8222;Za dwadzie\u015bcia lat bar\u00addziej b\u0119dziesz \u017ca\u0142owa\u0142 te\u00adgo, cze\u00adgo nie zro\u00adbi\u0142e\u015b, ni\u017c te\u00adgo, co zro\u00adbi\u0142e\u015b. Wi\u0119c od\u00adwi\u0105\u017c li\u00adny, opu\u015b\u0107 bez\u00adpie\u00adczn\u0105 przys\u00adta\u0144. Z\u0142ap w \u017cag\u00adle po\u00admy\u015blne wiat\u00adry. Podr\u00f3\u017cuj, \u015bnij, od\u00adkry\u00adwaj.&#8221; &#8212; Mark Twain<\/strong><\/span><\/h4>\t\t\t\t\t\t<\/div>\n\t\t\t\t<\/div>\n\t\t\t\t<div class=\"elementor-element elementor-element-65fc087d elementor-align-center animated-fast de_scroll_animation_no elementor-invisible elementor-widget elementor-widget-button\" data-id=\"65fc087d\" data-element_type=\"widget\" data-settings=\"{&quot;_animation&quot;:&quot;fadeIn&quot;,&quot;_animation_delay&quot;:200}\" data-widget_type=\"button.default\">\n\t\t\t\t<div class=\"elementor-widget-container\">\n\t\t\t\t\t<div class=\"elementor-button-wrapper\">\n\t\t\t<a class=\"elementor-button elementor-button-link elementor-size-md\" href=\"#down\">\n\t\t\t\t\t\t<span class=\"elementor-button-content-wrapper\">\n\t\t\t\t\t\t<span class=\"elementor-button-text\">Zaczynajmy!!!<\/span>\n\t\t<\/span>\n\t\t\t\t\t<\/a>\n\t\t<\/div>\n\t\t\t\t<\/div>\n\t\t\t\t<\/div>\n\t\t\t\t\t<\/div>\n\t\t<\/div>\n\t\t\t\t\t<\/div>\n\t\t<\/section>\n\t\t\t\t<section class=\"elementor-section elementor-top-section elementor-element elementor-element-4e05031c elementor-section-boxed elementor-section-height-default elementor-section-height-default elementor-invisible\" data-id=\"4e05031c\" data-element_type=\"section\" id=\"down\" data-settings=\"{&quot;background_background&quot;:&quot;classic&quot;,&quot;animation&quot;:&quot;fadeIn&quot;}\">\n\t\t\t\t\t\t\t<div class=\"elementor-background-overlay\"><\/div>\n\t\t\t\t\t\t\t<div class=\"elementor-container elementor-column-gap-default\">\n\t\t\t\t\t<div class=\"elementor-column elementor-col-100 elementor-top-column elementor-element elementor-element-5f071b81\" data-id=\"5f071b81\" data-element_type=\"column\">\n\t\t\t<div class=\"elementor-widget-wrap elementor-element-populated\">\n\t\t\t\t\t\t<div class=\"elementor-element elementor-element-30fa5a97 de_scroll_animation_no elementor-invisible elementor-widget elementor-widget-text-editor\" data-id=\"30fa5a97\" data-element_type=\"widget\" data-settings=\"{&quot;_animation&quot;:&quot;fadeIn&quot;}\" data-widget_type=\"text-editor.default\">\n\t\t\t\t<div class=\"elementor-widget-container\">\n\t\t\t\t\t\t\t<p>&#8211; ZACZYNAJMY &#8211;<\/p>\t\t\t\t\t\t<\/div>\n\t\t\t\t<\/div>\n\t\t\t\t<div class=\"elementor-element elementor-element-7b6cdb26 de_scroll_animation_no elementor-invisible elementor-widget elementor-widget-heading\" data-id=\"7b6cdb26\" data-element_type=\"widget\" data-settings=\"{&quot;_animation&quot;:&quot;fadeIn&quot;,&quot;_animation_delay&quot;:100}\" data-widget_type=\"heading.default\">\n\t\t\t\t<div class=\"elementor-widget-container\">\n\t\t\t<h1 class=\"elementor-heading-title elementor-size-default\">Najnowsze wpisy<\/h1>\t\t<\/div>\n\t\t\t\t<\/div>\n\t\t\t\t<div class=\"elementor-element elementor-element-36e114a elementor-grid-3 elementor-grid-tablet-2 elementor-grid-mobile-1 elementor-posts--thumbnail-top elementor-card-shadow-yes elementor-posts__hover-gradient de_scroll_animation_no elementor-invisible elementor-widget elementor-widget-posts\" data-id=\"36e114a\" data-element_type=\"widget\" data-settings=\"{&quot;cards_row_gap&quot;:{&quot;unit&quot;:&quot;px&quot;,&quot;size&quot;:40,&quot;sizes&quot;:[]},&quot;_animation&quot;:&quot;fadeIn&quot;,&quot;_animation_delay&quot;:200,&quot;cards_columns&quot;:&quot;3&quot;,&quot;cards_columns_tablet&quot;:&quot;2&quot;,&quot;cards_columns_mobile&quot;:&quot;1&quot;,&quot;cards_row_gap_tablet&quot;:{&quot;unit&quot;:&quot;px&quot;,&quot;size&quot;:&quot;&quot;,&quot;sizes&quot;:[]},&quot;cards_row_gap_mobile&quot;:{&quot;unit&quot;:&quot;px&quot;,&quot;size&quot;:&quot;&quot;,&quot;sizes&quot;:[]}}\" data-widget_type=\"posts.cards\">\n\t\t\t\t<div class=\"elementor-widget-container\">\n\t\t\t<link rel=\"stylesheet\" href=\"https:\/\/pozamapa.pl\/wp-content\/plugins\/elementor-pro\/assets\/css\/widget-posts.min.css\">\t\t<div class=\"elementor-posts-container elementor-posts elementor-posts--skin-cards elementor-grid\">\n\t\t\t\t<article class=\"elementor-post elementor-grid-item post-699 post type-post status-publish format-standard has-post-thumbnail hentry category-blog category-opolskie category-opolszczyzna category-uncategorized tag-cmentarz tag-cmentarz-wojenny tag-historia tag-lambinowice tag-opolskie tag-opolszczyzna tag-przemijanie tag-slask tag-wojna tag-wojny-pruskie\">\n\t\t\t<div class=\"elementor-post__card\">\n\t\t\t\t<a class=\"elementor-post__thumbnail__link\" href=\"https:\/\/pozamapa.pl\/index.php\/2023\/11\/05\/cmentarz-jeniecki-w-lambinowicach\/\" tabindex=\"-1\" ><div class=\"elementor-post__thumbnail\"><img fetchpriority=\"high\" decoding=\"async\" width=\"300\" height=\"198\" src=\"https:\/\/pozamapa.pl\/wp-content\/uploads\/2023\/11\/DSC_7549_8_50_Localtone-300x198.jpg\" class=\"attachment-medium size-medium wp-image-709\" alt=\"\" srcset=\"https:\/\/pozamapa.pl\/wp-content\/uploads\/2023\/11\/DSC_7549_8_50_Localtone-300x198.jpg 300w, https:\/\/pozamapa.pl\/wp-content\/uploads\/2023\/11\/DSC_7549_8_50_Localtone-1024x676.jpg 1024w, https:\/\/pozamapa.pl\/wp-content\/uploads\/2023\/11\/DSC_7549_8_50_Localtone-768x507.jpg 768w, https:\/\/pozamapa.pl\/wp-content\/uploads\/2023\/11\/DSC_7549_8_50_Localtone-1536x1013.jpg 1536w, https:\/\/pozamapa.pl\/wp-content\/uploads\/2023\/11\/DSC_7549_8_50_Localtone.jpg 2048w\" sizes=\"(max-width: 300px) 100vw, 300px\" \/><\/div><\/a>\n\t\t\t\t<div class=\"elementor-post__badge\">Blog<\/div>\n\t\t\t\t<div class=\"elementor-post__text\">\n\t\t\t\t<h3 class=\"elementor-post__title\">\n\t\t\t<a href=\"https:\/\/pozamapa.pl\/index.php\/2023\/11\/05\/cmentarz-jeniecki-w-lambinowicach\/\" >\n\t\t\t\tCmentarz jeniecki w \u0141ambinowicach\t\t\t<\/a>\n\t\t<\/h3>\n\t\t\t\t<div class=\"elementor-post__excerpt\">\n\t\t\t<p>Podczas naszych opolskich podr\u00f3\u017cy, nie mo\u017cna pomin\u0105\u0107 \u0141ambinowic \u2013 miejsca, kt\u00f3re sta\u0142o si\u0119 wiecznym domem dla tysi\u0119cy je\u0144c\u00f3w wojennych. Cmentarz w \u0141ambinowicach to nie tylko<\/p>\n\t\t<\/div>\n\t\t\t\t<\/div>\n\t\t\t\t<div class=\"elementor-post__meta-data\">\n\t\t\t\t\t<span class=\"elementor-post-date\">\n\t\t\t5 listopada, 2023\t\t<\/span>\n\t\t\t\t<\/div>\n\t\t\t\t\t<\/div>\n\t\t<\/article>\n\t\t\t\t<article class=\"elementor-post elementor-grid-item post-672 post type-post status-publish format-standard has-post-thumbnail hentry category-blog tag-historia tag-krzyzacy tag-ksiazka tag-nienacki tag-pan-samochodzik tag-polska tag-przygoda tag-templariusze tag-zamek\">\n\t\t\t<div class=\"elementor-post__card\">\n\t\t\t\t<a class=\"elementor-post__thumbnail__link\" href=\"https:\/\/pozamapa.pl\/index.php\/2023\/11\/05\/radzyn-chelminski-pan-samochodzik-i-templariusze\/\" tabindex=\"-1\" ><div class=\"elementor-post__thumbnail\"><img decoding=\"async\" width=\"300\" height=\"199\" src=\"https:\/\/pozamapa.pl\/wp-content\/uploads\/2023\/11\/DSC_5923-300x199.jpg\" class=\"attachment-medium size-medium wp-image-674\" alt=\"\" srcset=\"https:\/\/pozamapa.pl\/wp-content\/uploads\/2023\/11\/DSC_5923-300x199.jpg 300w, https:\/\/pozamapa.pl\/wp-content\/uploads\/2023\/11\/DSC_5923-1024x679.jpg 1024w, https:\/\/pozamapa.pl\/wp-content\/uploads\/2023\/11\/DSC_5923-768x509.jpg 768w, https:\/\/pozamapa.pl\/wp-content\/uploads\/2023\/11\/DSC_5923-1536x1018.jpg 1536w, https:\/\/pozamapa.pl\/wp-content\/uploads\/2023\/11\/DSC_5923.jpg 2048w\" sizes=\"(max-width: 300px) 100vw, 300px\" \/><\/div><\/a>\n\t\t\t\t<div class=\"elementor-post__badge\">Blog<\/div>\n\t\t\t\t<div class=\"elementor-post__text\">\n\t\t\t\t<h3 class=\"elementor-post__title\">\n\t\t\t<a href=\"https:\/\/pozamapa.pl\/index.php\/2023\/11\/05\/radzyn-chelminski-pan-samochodzik-i-templariusze\/\" >\n\t\t\t\tRadzy\u0144 Che\u0142mi\u0144ski &#8211; Pan Samochodzik i Templariusze\t\t\t<\/a>\n\t\t<\/h3>\n\t\t\t\t<div class=\"elementor-post__excerpt\">\n\t\t\t<p>W sercu Kociewia, na niewielkim wzg\u00f3rzu, wznosi si\u0119 zamek krzy\u017cacki w Radzyniu Che\u0142mi\u0144skim, kt\u00f3ry wywo\u0142uje dreszcz emocji nie tylko w\u015br\u00f3d fan\u00f3w przyg\u00f3d Pana Samochodzika. Jego<\/p>\n\t\t<\/div>\n\t\t\t\t<\/div>\n\t\t\t\t<div class=\"elementor-post__meta-data\">\n\t\t\t\t\t<span class=\"elementor-post-date\">\n\t\t\t5 listopada, 2023\t\t<\/span>\n\t\t\t\t<\/div>\n\t\t\t\t\t<\/div>\n\t\t<\/article>\n\t\t\t\t<article class=\"elementor-post elementor-grid-item post-386 post type-post status-publish format-standard has-post-thumbnail hentry category-blog category-gora-sw-anny category-opolskie category-opolszczyzna tag-benzyna-syntentyczna tag-druga-wojna-swiatowa tag-gora-sw-anny tag-kamieniolom tag-odertal tag-opolskie tag-opolszczyzna tag-schron tag-schrony tag-slask tag-tajemnice tag-wwii tag-zdzieszowice\">\n\t\t\t<div class=\"elementor-post__card\">\n\t\t\t\t<a class=\"elementor-post__thumbnail__link\" href=\"https:\/\/pozamapa.pl\/index.php\/2023\/10\/29\/tajemnicze-hamburgi-u-podnoza-gory-sw-anny\/\" tabindex=\"-1\" ><div class=\"elementor-post__thumbnail\"><img decoding=\"async\" width=\"300\" height=\"225\" src=\"https:\/\/pozamapa.pl\/wp-content\/uploads\/2023\/11\/IMG_0747-300x225.jpg\" class=\"attachment-medium size-medium wp-image-570\" alt=\"\" srcset=\"https:\/\/pozamapa.pl\/wp-content\/uploads\/2023\/11\/IMG_0747-300x225.jpg 300w, https:\/\/pozamapa.pl\/wp-content\/uploads\/2023\/11\/IMG_0747-1024x768.jpg 1024w, https:\/\/pozamapa.pl\/wp-content\/uploads\/2023\/11\/IMG_0747-768x576.jpg 768w, https:\/\/pozamapa.pl\/wp-content\/uploads\/2023\/11\/IMG_0747-1536x1152.jpg 1536w, https:\/\/pozamapa.pl\/wp-content\/uploads\/2023\/11\/IMG_0747.jpg 2048w\" sizes=\"(max-width: 300px) 100vw, 300px\" \/><\/div><\/a>\n\t\t\t\t<div class=\"elementor-post__badge\">Blog<\/div>\n\t\t\t\t<div class=\"elementor-post__text\">\n\t\t\t\t<h3 class=\"elementor-post__title\">\n\t\t\t<a href=\"https:\/\/pozamapa.pl\/index.php\/2023\/10\/29\/tajemnicze-hamburgi-u-podnoza-gory-sw-anny\/\" >\n\t\t\t\tTajemnicze &#8222;Hamburgi&#8221; u podn\u00f3\u017ca G\u00f3ry \u015aw. Anny\t\t\t<\/a>\n\t\t<\/h3>\n\t\t\t\t<div class=\"elementor-post__excerpt\">\n\t\t\t<p>Tajemnicze &#8222;Hamburgi&#8221; u podn\u00f3\u017ca G\u00f3ry \u015aw. Anny Gdyby\u015b przechodzi\u0142 przez las przy drodze pomi\u0119dzy Zdzieszowicami a malownicz\u0105 G\u00f3r\u0105 \u015aw. Anny, natkn\u0105\u0142by\u015b si\u0119 na niewielkie wej\u015bcie<\/p>\n\t\t<\/div>\n\t\t\t\t<\/div>\n\t\t\t\t<div class=\"elementor-post__meta-data\">\n\t\t\t\t\t<span class=\"elementor-post-date\">\n\t\t\t29 pa\u017adziernika, 2023\t\t<\/span>\n\t\t\t\t<\/div>\n\t\t\t\t\t<\/div>\n\t\t<\/article>\n\t\t\t\t<\/div>\n\t\t\n\t\t\t\t<\/div>\n\t\t\t\t<\/div>\n\t\t\t\t<div class=\"elementor-element elementor-element-7b443cdd elementor-align-center de_scroll_animation_no elementor-invisible elementor-widget elementor-widget-button\" data-id=\"7b443cdd\" data-element_type=\"widget\" data-settings=\"{&quot;_animation&quot;:&quot;fadeIn&quot;}\" data-widget_type=\"button.default\">\n\t\t\t\t<div class=\"elementor-widget-container\">\n\t\t\t\t\t<div class=\"elementor-button-wrapper\">\n\t\t\t<a class=\"elementor-button elementor-button-link elementor-size-sm\" href=\"https:\/\/pozamapa.pl\/index.php\/blog\/\">\n\t\t\t\t\t\t<span class=\"elementor-button-content-wrapper\">\n\t\t\t\t\t\t<span class=\"elementor-button-text\">ODKRYJ WI\u0118CEJ<\/span>\n\t\t<\/span>\n\t\t\t\t\t<\/a>\n\t\t<\/div>\n\t\t\t\t<\/div>\n\t\t\t\t<\/div>\n\t\t\t\t\t<\/div>\n\t\t<\/div>\n\t\t\t\t\t<\/div>\n\t\t<\/section>\n\t\t<div class=\"elementor-element elementor-element-524c2d7 e-flex e-con-boxed e-con e-parent\" data-id=\"524c2d7\" data-element_type=\"container\" data-settings=\"{&quot;content_width&quot;:&quot;boxed&quot;}\" data-core-v316-plus=\"true\">\n\t\t\t\t\t<div class=\"e-con-inner\">\n\t\t\t\t<div class=\"elementor-element elementor-element-49e665b de_scroll_animation_no elementor-widget elementor-widget-facebook-page\" data-id=\"49e665b\" data-element_type=\"widget\" data-widget_type=\"facebook-page.default\">\n\t\t\t\t<div class=\"elementor-widget-container\">\n\t\t\t<style>\/*! elementor-pro - v3.19.0 - 26-02-2024 *\/\n.elementor-facebook-widget.fb_iframe_widget,.elementor-facebook-widget.fb_iframe_widget span{width:100%!important}.elementor-facebook-widget.fb_iframe_widget iframe{position:relative;width:100%!important}.elementor-facebook-widget.fb-like{height:1px}.elementor-widget-facebook-comments iframe{width:100%!important}<\/style><div class=\"elementor-facebook-widget fb-page\" data-href=\"https:\/\/www.facebook.com\/pozamapa\/\" data-tabs=\"timeline\" data-height=\"500px\" data-width=\"500px\" data-small-header=\"true\" data-hide-cover=\"false\" data-show-facepile=\"true\" data-hide-cta=\"false\" style=\"min-height: 1px;height:500px\"><\/div>\t\t<\/div>\n\t\t\t\t<\/div>\n\t\t\t\t\t<\/div>\n\t\t\t\t<\/div>\n\t\t\t\t<\/div>\n\t\t","protected":false},"excerpt":{"rendered":"<p>Projekt Polska poza map\u0105 &#8222;Za dwadzie\u015bcia lat bar\u00addziej b\u0119dziesz \u017ca\u0142owa\u0142 te\u00adgo, cze\u00adgo nie zro\u00adbi\u0142e\u015b, ni\u017c te\u00adgo, co zro\u00adbi\u0142e\u015b. Wi\u0119c od\u00adwi\u0105\u017c li\u00adny, opu\u015b\u0107 bez\u00adpie\u00adczn\u0105 przys\u00adta\u0144. Z\u0142ap w \u017cag\u00adle po\u00admy\u015blne wiat\u00adry. Podr\u00f3\u017cuj, \u015bnij, od\u00adkry\u00adwaj.&#8221; &#8212; Mark Twain Zaczynajmy!!! &#8211; ZACZYNAJMY &#8211; Najnowsze wpisy ODKRYJ WI\u0118CEJ<\/p>\n","protected":false},"author":1,"featured_media":0,"parent":0,"menu_order":0,"comment_status":"closed","ping_status":"closed","template":"","meta":{"footnotes":""},"class_list":["post-367","page","type-page","status-publish","hentry"],"_links":{"self":[{"href":"https:\/\/pozamapa.pl\/index.php\/wp-json\/wp\/v2\/pages\/367","targetHints":{"allow":["GET"]}}],"collection":[{"href":"https:\/\/pozamapa.pl\/index.php\/wp-json\/wp\/v2\/pages"}],"about":[{"href":"https:\/\/pozamapa.pl\/index.php\/wp-json\/wp\/v2\/types\/page"}],"author":[{"embeddable":true,"href":"https:\/\/pozamapa.pl\/index.php\/wp-json\/wp\/v2\/users\/1"}],"replies":[{"embeddable":true,"href":"https:\/\/pozamapa.pl\/index.php\/wp-json\/wp\/v2\/comments?post=367"}],"version-history":[{"count":107,"href":"https:\/\/pozamapa.pl\/index.php\/wp-json\/wp\/v2\/pages\/367\/revisions"}],"predecessor-version":[{"id":721,"href":"https:\/\/pozamapa.pl\/index.php\/wp-json\/wp\/v2\/pages\/367\/revisions\/721"}],"wp:attachment":[{"href":"https:\/\/pozamapa.pl\/index.php\/wp-json\/wp\/v2\/media?parent=367"}],"curies":[{"name":"wp","href":"https:\/\/api.w.org\/{rel}","templated":true}]}}